{"id":140,"date":"2020-04-29T07:59:39","date_gmt":"2020-04-29T05:59:39","guid":{"rendered":"http:\/\/mp18.lost-it.pl\/?page_id=140"},"modified":"2026-03-02T17:55:04","modified_gmt":"2026-03-02T16:55:04","slug":"aktualnosci","status":"publish","type":"page","link":"https:\/\/mp18.pl\/","title":{"rendered":"Aktualno\u015bci"},"content":{"rendered":"<div class=\"wp-block-image\">\n<figure class=\"aligncenter size-large\"><img loading=\"lazy\" decoding=\"async\" width=\"683\" height=\"1024\" src=\"https:\/\/mp18.pl\/wp-content\/uploads\/2026\/03\/plakat_1-683x1024.jpeg\" alt=\"plakat 1\" class=\"wp-image-37764\" srcset=\"https:\/\/mp18.pl\/wp-content\/uploads\/2026\/03\/plakat_1-683x1024.jpeg 683w, https:\/\/mp18.pl\/wp-content\/uploads\/2026\/03\/plakat_1-200x300.jpeg 200w, https:\/\/mp18.pl\/wp-content\/uploads\/2026\/03\/plakat_1-768x1152.jpeg 768w, https:\/\/mp18.pl\/wp-content\/uploads\/2026\/03\/plakat_1.jpeg 1024w\" sizes=\"auto, (max-width: 683px) 85vw, 683px\" \/><\/figure>\n<\/div>\n\n\n<hr class=\"wp-block-separator has-alpha-channel-opacity\"\/>\n\n\n<div class=\"wp-block-image\">\n<figure class=\"aligncenter size-full\"><img loading=\"lazy\" decoding=\"async\" width=\"498\" height=\"166\" src=\"https:\/\/mp18.pl\/wp-content\/uploads\/2026\/02\/rekrutacja-1.png\" alt=\"rekrutacja\" class=\"wp-image-37760\" srcset=\"https:\/\/mp18.pl\/wp-content\/uploads\/2026\/02\/rekrutacja-1.png 498w, https:\/\/mp18.pl\/wp-content\/uploads\/2026\/02\/rekrutacja-1-300x100.png 300w\" sizes=\"auto, (max-width: 498px) 85vw, 498px\" \/><\/figure>\n<\/div>\n\n<p style=\"text-align: center;\"><strong>Uwaga Rodzice !!!<\/strong><br \/><strong>Rekrutacja kandydat\u00f3w odb\u0119dzie si\u0119 drog\u0105 internetow\u0105.<\/strong><br \/>Rejestracja kandydat\u00f3w przyst\u0119puj\u0105cych do naboru<br \/>\u2013 wprowadzenie do systemu wniosk\u00f3w<br \/>na stronie dla Rodzic\u00f3w;<br \/><a href=\"http:\/\/www.rudaslaska.przedszkola.vnabor.pl\">www.rudaslaska.przedszkola.vnabor.pl<\/a><br \/>odb\u0119dzie si\u0119 w terminie:<br \/><strong>od dnia 02.03.2026 r. od godziny 8:00<\/strong><br \/><strong>do dnia 16.03.2026 r. do godziny 15:00<\/strong><\/p>\n<p style=\"text-align: center;\">Po rejestracji internetowej nale\u017cy z\u0142o\u017cy\u0107 w plac\u00f3wce pierwszego wyboru wniosek o przyj\u0119cie do przedszkola wraz z dokumentami potwierdzaj\u0105cymi spe\u0142nienie przez kandydata warunk\u00f3w i kryteri\u00f3w branych pod uwag\u0119 w post\u0119powaniu rekrutacyjnym<strong> (wymagane s\u0105 podpisy obojga rodzic\u00f3w)<\/strong>.<\/p>\n\n\n<hr class=\"wp-block-separator has-alpha-channel-opacity\"\/>\n\n\n<p style=\"text-align: center;\"><span style=\"color: #ff0000;\"><strong>ZMIANA NUMERU KONTA BANKOWEGO !!!<\/strong><\/span><br \/><strong>OD 29 STYCZNIA 2026 R.<\/strong> ZMIENIA SI\u0118 NUMER KONTA BANKOWEGO W ZWI\u0104ZKU Z TYM<\/p>\n<p style=\"text-align: center;\"><strong>WSZYSTKIE WP\u0141ATY Z TYTU\u0141U OP\u0141AT <\/strong><br \/><strong>ZA \u017bYWIENIE I POBYT DZIECKA W PRZEDSZKOLE WP\u0141ACONE <\/strong><br \/><strong>PO 28 STYCZNIA 2026 NA STARE KONTO<\/strong><br \/><strong>ZOSTAN\u0104 AUTOMATYCZNIE ZWR\u00d3CONE DO NADAWCY!<\/strong><\/p>\n<p style=\"text-align: center;\">PO TYM TERMINIE MUSZ\u0104 TRAFIA\u0106 NA<br \/><span style=\"color: #ff0000;\"><strong>NOWY NUMER KONTA \u2013 73124010371111001162987756<\/strong><\/span><br \/><strong><span style=\"color: #000080;\">KONTO BANKOWE RADY RODZIC\u00d3W ZOSTAJE ZLIKWIDOWANE<\/span><\/strong><\/p>\n\n\n<hr class=\"wp-block-separator has-alpha-channel-opacity\"\/>\n\n\n\n<p><strong>Bierzemy udzia\u0142:<\/strong><\/p>\n\n\n\n<figure class=\"wp-block-image size-large\"><img loading=\"lazy\" decoding=\"async\" width=\"733\" height=\"1024\" src=\"https:\/\/mp18.pl\/wp-content\/uploads\/2025\/11\/cyfrowy_uczen-733x1024.jpeg\" alt=\"cyfrowy uczen\" class=\"wp-image-37726\" srcset=\"https:\/\/mp18.pl\/wp-content\/uploads\/2025\/11\/cyfrowy_uczen-733x1024.jpeg 733w, https:\/\/mp18.pl\/wp-content\/uploads\/2025\/11\/cyfrowy_uczen-215x300.jpeg 215w, https:\/\/mp18.pl\/wp-content\/uploads\/2025\/11\/cyfrowy_uczen-768x1073.jpeg 768w, https:\/\/mp18.pl\/wp-content\/uploads\/2025\/11\/cyfrowy_uczen-1100x1536.jpeg 1100w, https:\/\/mp18.pl\/wp-content\/uploads\/2025\/11\/cyfrowy_uczen-1200x1676.jpeg 1200w, https:\/\/mp18.pl\/wp-content\/uploads\/2025\/11\/cyfrowy_uczen.jpeg 1346w\" sizes=\"auto, (max-width: 733px) 85vw, 733px\" \/><\/figure>\n\n\n\n<hr class=\"wp-block-separator has-alpha-channel-opacity\"\/>\n\n\n\n<figure class=\"wp-block-image size-full\"><img loading=\"lazy\" decoding=\"async\" width=\"768\" height=\"768\" src=\"https:\/\/mp18.pl\/wp-content\/uploads\/2025\/10\/plakat.jpg\" alt=\"plakat\" class=\"wp-image-37711\" srcset=\"https:\/\/mp18.pl\/wp-content\/uploads\/2025\/10\/plakat.jpg 768w, https:\/\/mp18.pl\/wp-content\/uploads\/2025\/10\/plakat-300x300.jpg 300w, https:\/\/mp18.pl\/wp-content\/uploads\/2025\/10\/plakat-150x150.jpg 150w\" sizes=\"auto, (max-width: 768px) 85vw, 768px\" \/><\/figure>\n\n\n\n<hr class=\"wp-block-separator has-alpha-channel-opacity\"\/>\n\n\n\n<figure class=\"wp-block-image size-large\"><img loading=\"lazy\" decoding=\"async\" width=\"724\" height=\"1024\" src=\"https:\/\/mp18.pl\/wp-content\/uploads\/2025\/10\/plakat_1-724x1024.jpeg\" alt=\"plakat\" class=\"wp-image-37709\" srcset=\"https:\/\/mp18.pl\/wp-content\/uploads\/2025\/10\/plakat_1-724x1024.jpeg 724w, https:\/\/mp18.pl\/wp-content\/uploads\/2025\/10\/plakat_1-212x300.jpeg 212w, https:\/\/mp18.pl\/wp-content\/uploads\/2025\/10\/plakat_1-768x1086.jpeg 768w, https:\/\/mp18.pl\/wp-content\/uploads\/2025\/10\/plakat_1.jpeg 1024w\" sizes=\"auto, (max-width: 724px) 85vw, 724px\" \/><\/figure>\n\n\n\n<hr class=\"wp-block-separator has-alpha-channel-opacity\"\/>\n\n\n<div class=\"wp-block-image\">\n<figure class=\"aligncenter size-full\"><img loading=\"lazy\" decoding=\"async\" width=\"1024\" height=\"655\" src=\"https:\/\/mp18.pl\/wp-content\/uploads\/2025\/06\/zebranie_1.jpeg\" alt=\"zebranie 1\" class=\"wp-image-37702\" srcset=\"https:\/\/mp18.pl\/wp-content\/uploads\/2025\/06\/zebranie_1.jpeg 1024w, https:\/\/mp18.pl\/wp-content\/uploads\/2025\/06\/zebranie_1-300x192.jpeg 300w, https:\/\/mp18.pl\/wp-content\/uploads\/2025\/06\/zebranie_1-768x491.jpeg 768w\" sizes=\"auto, (max-width: 709px) 85vw, (max-width: 909px) 67vw, (max-width: 1362px) 62vw, 840px\" \/><\/figure>\n<\/div>\n\n\n<hr class=\"wp-block-separator has-alpha-channel-opacity\"\/>\n\n\n<p>Na pro\u015bb\u0119 Pani Aleksandry Skowronek &#8211; zast\u0119pcy Prezydenta Miasta.<\/p>\n<p align=\"justify\">&#8222;Rozpocz\u0119\u0142y si\u0119 prace nad aktualizacj\u0105 Gminnego Programu Rewitalizacji Miasta Ruda \u015al\u0105ska do 2030 roku, prowadzone s\u0105 badania ankietowe, w zwi\u0105zku&nbsp; tym zapraszam do wype\u0142nienia ankiety dotycz\u0105cej potrzeb mieszka\u0144c\u00f3w obszar\u00f3w rewitalizacji. Pa\u0144stwa opinia jest niezwykle wa\u017cna i pomo\u017ce okre\u015bli\u0107 przysz\u0142y kszta\u0142t Pa\u0144stwa otoczenia. Wasze odpowiedzi pozwol\u0105 zaplanowa\u0107 takie dzia\u0142ania rewitalizacyjne, kt\u00f3re odpowiedz\u0105 na faktyczne wyzwania tej cz\u0119\u015bci miasta. Ankieta zajmie tylko kilka minut, a Pa\u0144stwa g\u0142os ma realny wp\u0142yw na rozw\u00f3j naszej wsp\u00f3lnej przestrzeni i planowanie dzia\u0142a\u0144&nbsp;&nbsp; pozwalaj\u0105cych zaspokoi\u0107 potrzeby mieszka\u0144c\u00f3w. Dzi\u0119kuj\u0119 za po\u015bwi\u0119cony czas i zaanga\u017cowanie&#8221;.<\/p>\n<p align=\"justify\">Link do ankiety:<\/p>\n<p><a href=\"https:\/\/www.badania-ipc.pl\/poll\/index.php\/843168\/lang-pl\" target=\"_blank\" rel=\"noopener\" data-saferedirecturl=\"https:\/\/www.google.com\/url?q=https:\/\/www.badania-ipc.pl\/poll\/index.php\/843168\/lang-pl&amp;source=gmail&amp;ust=1739092626092000&amp;usg=AOvVaw2H3DK33h4GrGYnhsg5s_lc\">https:\/\/www.badania-ipc.pl\/<wbr>poll\/index.php\/843168\/lang-pl<\/a><\/p>\n\n\n<hr class=\"wp-block-separator has-alpha-channel-opacity\"\/>\n\n\n<div align=\"center\"><a href=\"https:\/\/nprcz.pl\/\"> <img decoding=\"async\" class=\"aligncenter\" src=\"https:\/\/mp18.pl\/wp-content\/uploads\/2024\/08\/nprcz-logotyp-podstawowy-rgb.png\" alt=\"facebook\" width=\"180px\" border=\"0\"> <\/a><\/div>\n<p><strong>W roku 2024 nasze przedszkole jest beneficjentem Narodowego Programu Rozwoju Czytelnictwa 2.0. na lata 2021-2025, Priorytet 3. Otrzymali\u015bmy z bud\u017cetu pa\u0144stwa wsparcie finansowe (dotacj\u0119) na dofinansowanie zakupu nowo\u015bci wydawniczych dla dzieci oraz realizacj\u0119 dzia\u0142a\u0144 promuj\u0105cych czytelnictwo.<\/strong><\/p>\n<p>Narodowy Program Rozwoju Czytelnictwa 2.0 jest programem wieloletnim uchwalonym na lata 2021-2025 przez Rad\u0119 Ministr\u00f3w w celu poprawy stanu czytelnictwa w Polsce.<\/p>\n<p>Program jest realizowany przez Ministerstwo Kultury i Dziedzictwa Narodowego, przy zaanga\u017cowaniu Biblioteki Narodowej, Instytutu Ksi\u0105\u017cki i Narodowego Centrum Kultury, we wsp\u00f3\u0142pracy z Ministerstwem Edukacji Narodowej.<\/p>\n<p>G\u0142\u00f3wny cel programu \u2013 rozw\u00f3j czytelnictwa w Polsce oraz wzmocnienie roli bibliotek publicznych \u2013 wsp\u00f3\u0142tworz\u0105 cztery cele szczeg\u00f3\u0142owe, z kt\u00f3rych ka\u017cdy posiada odr\u0119bny priorytet. S\u0105 one nakierowane na wyr\u00f3wnywanie szans poprzez podniesienie kompetencji czytelniczych w spo\u0142ecze\u0144stwie.<\/p>\n<p>Priorytet 3, kt\u00f3ry my realizujemy to zakup nowo\u015bci wydawniczych do plac\u00f3wek wychowania przedszkolnego, bibliotek szkolnych i pedagogicznych.<\/p>\n<p>Umiej\u0119tno\u015b\u0107 czytania ze zrozumieniem warunkuje aktywny udzia\u0142 w \u017cyciu spo\u0142ecznym oraz determinuje spos\u00f3b radzenia sobie ze zmianami na rynku pracy. Wzmocnienie czytelnictwa w\u015br\u00f3d najm\u0142odszych jest wi\u0119c inwestycj\u0105 w ich kompetencje spo\u0142eczne. W ramach Priorytetu 3, szko\u0142y i przedszkola mog\u0105 stara\u0107 si\u0119 o dofinansowanie na zakup nowo\u015bci wydawniczych lub wyposa\u017cenia bibliotek.<\/p>\n\n\n<hr class=\"wp-block-separator has-alpha-channel-opacity\"\/>\n\n\n<div class=\"wp-block-image\">\n<figure class=\"aligncenter size-large\"><img loading=\"lazy\" decoding=\"async\" width=\"706\" height=\"1024\" src=\"https:\/\/mp18.pl\/wp-content\/uploads\/2024\/09\/wizerunek_dziecka_w_internecie-706x1024.jpg\" alt=\"wizerunek dziecka w internecie\" class=\"wp-image-37629\" srcset=\"https:\/\/mp18.pl\/wp-content\/uploads\/2024\/09\/wizerunek_dziecka_w_internecie-706x1024.jpg 706w, https:\/\/mp18.pl\/wp-content\/uploads\/2024\/09\/wizerunek_dziecka_w_internecie-207x300.jpg 207w, https:\/\/mp18.pl\/wp-content\/uploads\/2024\/09\/wizerunek_dziecka_w_internecie-768x1115.jpg 768w, https:\/\/mp18.pl\/wp-content\/uploads\/2024\/09\/wizerunek_dziecka_w_internecie.jpg 882w\" sizes=\"auto, (max-width: 706px) 85vw, 706px\" \/><\/figure>\n<\/div>\n\n\n<hr class=\"wp-block-separator has-alpha-channel-opacity\"\/>\n\n\n<div class=\"wp-block-image\">\n<figure class=\"aligncenter size-full\"><img loading=\"lazy\" decoding=\"async\" width=\"616\" height=\"701\" src=\"https:\/\/mp18.pl\/wp-content\/uploads\/2024\/07\/zmiana_cen.jpg\" alt=\"zmiana cen\" class=\"wp-image-37570\" srcset=\"https:\/\/mp18.pl\/wp-content\/uploads\/2024\/07\/zmiana_cen.jpg 616w, https:\/\/mp18.pl\/wp-content\/uploads\/2024\/07\/zmiana_cen-264x300.jpg 264w\" sizes=\"auto, (max-width: 616px) 85vw, 616px\" \/><\/figure>\n<\/div>\n\n\n<hr class=\"wp-block-separator has-alpha-channel-opacity\"\/>\n\n\n<div class=\"wp-block-image\">\n<figure class=\"aligncenter size-full\"><img loading=\"lazy\" decoding=\"async\" width=\"1019\" height=\"570\" src=\"https:\/\/mp18.pl\/wp-content\/uploads\/2024\/07\/zebranie.jpg\" alt=\"zebranie\" class=\"wp-image-37569\" srcset=\"https:\/\/mp18.pl\/wp-content\/uploads\/2024\/07\/zebranie.jpg 1019w, https:\/\/mp18.pl\/wp-content\/uploads\/2024\/07\/zebranie-300x168.jpg 300w, https:\/\/mp18.pl\/wp-content\/uploads\/2024\/07\/zebranie-768x430.jpg 768w\" sizes=\"auto, (max-width: 709px) 85vw, (max-width: 909px) 67vw, (max-width: 1362px) 62vw, 840px\" \/><\/figure>\n<\/div>\n\n\n<hr class=\"wp-block-separator has-alpha-channel-opacity\"\/>\n\n\n<div class=\"wp-block-image\">\n<figure class=\"aligncenter size-large\"><img loading=\"lazy\" decoding=\"async\" width=\"738\" height=\"1024\" src=\"https:\/\/mp18.pl\/wp-content\/uploads\/2024\/05\/badania-738x1024.jpg\" alt=\"badania\" class=\"wp-image-37550\" srcset=\"https:\/\/mp18.pl\/wp-content\/uploads\/2024\/05\/badania-738x1024.jpg 738w, https:\/\/mp18.pl\/wp-content\/uploads\/2024\/05\/badania-216x300.jpg 216w, https:\/\/mp18.pl\/wp-content\/uploads\/2024\/05\/badania-768x1065.jpg 768w, https:\/\/mp18.pl\/wp-content\/uploads\/2024\/05\/badania.jpg 923w\" sizes=\"auto, (max-width: 738px) 85vw, 738px\" \/><\/figure>\n<\/div>\n\n\n<hr class=\"wp-block-separator has-alpha-channel-opacity\"\/>\n\n\n<div class=\"wp-block-image\">\n<figure class=\"aligncenter size-large\"><img loading=\"lazy\" decoding=\"async\" width=\"723\" height=\"1024\" src=\"https:\/\/mp18.pl\/wp-content\/uploads\/2024\/05\/ulotka-info_proc-723x1024.jpg\" alt=\"ulotka info proc\" class=\"wp-image-37546\" srcset=\"https:\/\/mp18.pl\/wp-content\/uploads\/2024\/05\/ulotka-info_proc-723x1024.jpg 723w, https:\/\/mp18.pl\/wp-content\/uploads\/2024\/05\/ulotka-info_proc-212x300.jpg 212w, https:\/\/mp18.pl\/wp-content\/uploads\/2024\/05\/ulotka-info_proc-768x1087.jpg 768w, https:\/\/mp18.pl\/wp-content\/uploads\/2024\/05\/ulotka-info_proc.jpg 904w\" sizes=\"auto, (max-width: 723px) 85vw, 723px\" \/><\/figure>\n<\/div>\n\n<div class=\"wp-block-image\">\n<figure class=\"aligncenter size-large\"><img loading=\"lazy\" decoding=\"async\" width=\"722\" height=\"1024\" src=\"https:\/\/mp18.pl\/wp-content\/uploads\/2024\/05\/smartfon-722x1024.jpg\" alt=\"smartfon\" class=\"wp-image-37547\" srcset=\"https:\/\/mp18.pl\/wp-content\/uploads\/2024\/05\/smartfon-722x1024.jpg 722w, https:\/\/mp18.pl\/wp-content\/uploads\/2024\/05\/smartfon-211x300.jpg 211w, https:\/\/mp18.pl\/wp-content\/uploads\/2024\/05\/smartfon-768x1090.jpg 768w, https:\/\/mp18.pl\/wp-content\/uploads\/2024\/05\/smartfon.jpg 902w\" sizes=\"auto, (max-width: 722px) 85vw, 722px\" \/><\/figure>\n<\/div>\n\n\n<hr class=\"wp-block-separator has-alpha-channel-opacity\"\/>\n\n\n<p><strong>Wzmaga si\u0119 aktywno\u015b\u0107 kleszczy<\/strong><\/p>\n<p>Szanowni Pa\u0144stwo, <br \/>pierwsze osobniki kleszczy staj\u0105 si\u0119 aktywne ju\u017c na prze\u0142omie lutego i marca. Kleszcz mo\u017ce mie\u0107 wielko\u015b\u0107 g\u0142\u00f3wki od szpilki, ale po najedzeniu si\u0119 zwi\u0119ksza sw\u00f3j rozmiar wielokrotnie. Czeka na \u017cywiciela na krzewach, w trawie, w miejscach wilgotnych. Ich uk\u0105szenie cho\u0107 bezbolesne, mo\u017ce wi\u0105za\u0107 si\u0119 z ryzykiem zaka\u017cenia chorobami odkleszczowymi.<\/p>\n<p><strong>Nieleczona borelioza mo\u017ce prowadzi\u0107 do wielu gro\u017anych powik\u0142a\u0144<\/strong> <br \/>Borelioza, inaczej choroba z Lyme, to choroba bakteryjna. Niewielki odsetek kleszczy jest nosicielami i nie ka\u017cdy kontakt z zaka\u017conym kleszczem powoduje zachorowanie, ale je\u015bli borelioza si\u0119 rozwinie, mo\u017ce prowadzi\u0107 do powa\u017cnych powik\u0142a\u0144. Borelioza mo\u017ce rozwija\u0107 si\u0119 w ci\u0105gu miesi\u0119cy, a nawet lat. Bezwzgl\u0119dnie trzeba j\u0105 leczy\u0107. Dlatego ju\u017c pierwsze objawy wymagaj\u0105 antybiotykoterapii.<\/p>\n<p><strong>Obserwujemy wzrost liczby zachorowa\u0144 na choroby odkleszczowe<\/strong><br \/>W 2023 r. ponad 104 tys. os\u00f3b zachorowa\u0142o na choroby odkleszczowe, w\u015br\u00f3d kt\u00f3rych 99% stanowi\u0142a borelioza. W najnowszym raporcie Narodowego Funduszu Zdrowia dotycz\u0105cym chor\u00f3b odkleszczowych wida\u0107 r\u00f3wnie\u017c wyra\u017an\u0105 sezonowo\u015b\u0107 zachorowa\u0144.<br \/>Najwi\u0119cej pacjent\u00f3w zg\u0142asza si\u0119 do lekarza pierwszego kontaktu z chorob\u0105 odkleszczow\u0105 w miesi\u0105cach wakacyjnych, tj. od czerwca do sierpnia, kiedy sp\u0119dzamy wi\u0119cej czasu w\u015br\u00f3d zieleni. <\/p>\n<p><strong>Badaj siebie, nie kleszcza<\/strong><br \/>Badanie kleszcza pozwala jedynie okre\u015bli\u0107, czy jest on nosicielem kr\u0119tk\u00f3w Borrelia. Dodatni wynik nie potwierdza przeniesienia kr\u0119tk\u00f3w do organizmu ludzkiego. Nie mo\u017cna zatem na podstawie badania kleszcza potwierdzi\u0107, \u017ce dosz\u0142o do zara\u017cenia u cz\u0142owieka.<br \/>\u2013 Takie badanie, zgodnie z przepisami, nie mo\u017ce by\u0107 uznane za badanie diagnostyczne. Co wi\u0119cej, nie jest tak\u017ce rekomendowane przez gremia naukowc\u00f3w oraz specjalist\u00f3w w dziedzinie chor\u00f3b zaka\u017anych \u2013 informuje Monika Pintal-\u015alimak, prezes Krajowej Rady Diagnost\u00f3w Laboratoryjnych.<\/p>\n<p><strong>Kleszcza wk\u0142utego w sk\u00f3r\u0119, nale\u017cy usun\u0105\u0107 jak najszybciej<\/strong><br \/>Im d\u0142u\u017cej kleszcz ma kontakt z krwi\u0105 cz\u0142owieka, tym wi\u0119ksze jest ryzyko zaka\u017cenia. Znacz\u0105cy wzrost ryzyka zaka\u017cenia bakteri\u0105 przenoszon\u0105 przez kleszcze pojawia si\u0119 po 36 godzinach od momentu wk\u0142ucia. W aptekach dost\u0119pne s\u0105 odpowiednie narz\u0119dzia do bezpiecznego i skutecznego, samodzielnego usuwania kleszczy. Wszystkie z nich gwarantuj\u0105 bezpieczne uchwycenie kleszcza bli\u017cej sk\u00f3ry i skuteczne wyci\u0105gni\u0119cie go.<\/p>\n<p>Narodowy Fundusz Zdrowia w najnowszym Poradniku Pacjenta podpowiada, jak rozpozna\u0107 zaka\u017cenie, kiedy uda\u0107 si\u0119 po pomoc do lekarza oraz co zrobi\u0107 kiedy kleszcz pozostanie w sk\u00f3rze. <\/p>\n<p>Poradnik pacjenta to kompleksowy materia\u0142 informacyjny o systemie ochrony zdrowia i profilaktyce. Wszystkie poradniki dost\u0119pne s\u0105 na stronie <a href=\"https:\/\/www.nfz.gov.pl\/dla-pacjenta\/poradnik-pacjenta\/\">https:\/\/www.nfz.gov.pl\/dla-pacjenta\/poradnik-pacjenta\/<\/a> <\/p>\n\n\n<hr class=\"wp-block-separator has-alpha-channel-opacity\"\/>\n\n\n\n<p class=\"has-text-align-center\"><strong>REKRUTACJA DO PRZEDSZKOLA NA ROK SZKOLNY 2024\/2025<\/strong><br><\/p>\n\n\n\n<p>Rekrutacja do przedszkoli i szk\u00f3\u0142 na rok szkolny 2024\/2025 rozpocznie si\u0119 w<br><strong>MARCU 2024 r zgodnie z ZARZ\u0104DZENIEM NR SP.0050.2.13.2024<\/strong><br><strong>PREZYDENTA MIASTA RUDA \u015aL\u0104SKA z dnia 19.01.2024 r.<\/strong><br>w sprawie ustalenia harmonogramu czynno\u015bci w post\u0119powaniu rekrutacyjnym i post\u0119powaniu uzupe\u0142niaj\u0105cym na rok szkolny 2024\/2025 do publicznych przedszkoli ,oddzia\u0142\u00f3w przedszkolnych w publicznych szko\u0142ach podstawowych dla kt\u00f3rych organem prowadz\u0105cym jest Miasto Ruda \u015al\u0105ska.<\/p>\n\n\n\n<p>Do pobrania:<\/p>\n\n\n\n<p><a href=\"https:\/\/mp18.pl\/wp-content\/uploads\/2024\/01\/sp.0050.2.13.2024.pdf\">Zarz\u0105dzenie<\/a><\/p>\n\n\n\n<p><a href=\"https:\/\/mp18.pl\/wp-content\/uploads\/2024\/01\/oglkontynuacja_20242025.pdf\">Og\u0142oszenie rekrutacja &#8211; kontynuacja<\/a><\/p>\n\n\n\n<p><a href=\"https:\/\/mp18.pl\/wp-content\/uploads\/2024\/01\/ogloszenie_rekrutacja_20242025.pdf\">Og\u0142oszenie rekrutacja<\/a><\/p>\n\n\n\n<hr class=\"wp-block-separator has-alpha-channel-opacity\"\/>\n\n\n<p>Informacja o aktualnej stawce op\u0142at za korzystanie z wychowania<br \/>przedszkolnego, w publicznych przedszkolach oraz oddzia\u0142ach<br \/>przedszkolnych w szko\u0142ach podstawowych, dla kt\u00f3rych organem prowadz\u0105cym<br \/>jest Miasto Ruda \u015al\u0105ska.<\/p>\n<p>Do pobrania: <a href=\"https:\/\/mp18.pl\/wp-content\/uploads\/2023\/09\/uchwala_oplaty_2023.pdf\">Uchwa\u0142a<\/a><\/p>\n\n\n<hr class=\"wp-block-separator has-alpha-channel-opacity\"\/>\n\n\n\n<figure class=\"wp-block-image size-full\"><img loading=\"lazy\" decoding=\"async\" width=\"760\" height=\"563\" src=\"https:\/\/mp18.pl\/wp-content\/uploads\/2023\/07\/zebranie.png\" alt=\"zebranie\" class=\"wp-image-37419\" srcset=\"https:\/\/mp18.pl\/wp-content\/uploads\/2023\/07\/zebranie.png 760w, https:\/\/mp18.pl\/wp-content\/uploads\/2023\/07\/zebranie-300x222.png 300w\" sizes=\"auto, (max-width: 760px) 85vw, 760px\" \/><\/figure>\n\n\n\n<hr class=\"wp-block-separator has-alpha-channel-opacity\"\/>\n\n\n<h1 style=\"text-align: center;\">ROK SZKOLNY 2022\/2023<\/h1>\n<h2>.<\/h2>\n<p><em>Wpis 31.08.2022:<\/em><\/p>\n<p align=\"center\"><strong><span style=\"font-family: Arial, sans-serif;\"><span style=\"font-size: medium;\"><span style=\"color: #111111;\">Zmiana cen posi\u0142k\u00f3w !!!<\/span><\/span><\/span><\/strong><\/p>\n<p style=\"text-align: left;\" align=\"center\"><span style=\"font-family: Arial, sans-serif;\"><span style=\"font-size: medium;\"><span style=\"color: #111111;\">Informujemy, \u017ce kwota op\u0142at za korzystanie przez dziecko z posi\u0142k\u00f3w w przedszkolu ulega zmianie <\/span><\/span><\/span><span style=\"font-family: Arial, sans-serif;\"><span style=\"font-size: medium;\"><span style=\"color: #111111;\">i od 01.09.2022r wynos<\/span>i&nbsp;10 z\u0142:<\/span><\/span><\/p>\n<p align=\"center\">&nbsp;<\/p>\n<ul>\n<li style=\"list-style-type: none;\">\n<ul>\n<li><strong><span style=\"font-family: Arial, sans-serif;\"><span style=\"font-size: medium;\"><span style=\"color: #000000;\">\u015bniada<\/span>nie&nbsp;2,25&nbsp;z\u0142<\/span><\/span><\/strong><\/li>\n<li><strong><span style=\"font-family: Arial, sans-serif;\"><span style=\"font-size: medium;\">obiad&nbsp;5,50&nbsp;z\u0142<\/span><\/span><\/strong><\/li>\n<li><strong><span style=\"font-family: Arial, sans-serif;\"><span style=\"font-size: medium;\"><span style=\"color: #000000;\">podwieczorek&nbsp;<\/span>2,25 z\u0142<\/span><\/span><\/strong><\/li>\n<\/ul>\n<\/li>\n<\/ul>\n<p align=\"center\"><span style=\"color: #000000;\"><strong><span style=\"font-family: Arial, sans-serif;\"><span style=\"font-size: medium;\">Zmiana cen godzin !!!<\/span><\/span><\/strong><\/span><\/p>\n<p style=\"text-align: left;\" align=\"center\"><span style=\"font-family: Arial, sans-serif; color: #000000;\"><span style=\"font-size: medium;\">W zwi\u0105zku z podj\u0119ciem przez Rad\u0119 Miasta Ruda \u015al\u0105ska dnia 16 sierpnia 2022 r. uchwa\u0142y nr PR.0007.103.2022 w sprawie zmiany uchwa\u0142y nr PR.0007.122.2019 Rady Miasta Ruda \u015al\u0105ska z dnia 27 czerwca 2019 r. w sprawie op\u0142at za korzystanie z wychowania przedszkolnego w publicznych przedszkolach oraz oddzia\u0142ach przedszkolnych w szko\u0142ach podstawowych, dla kt\u00f3rych organem prowadz\u0105cym jest Miasto Ruda \u015al\u0105ska,&nbsp; od 1 wrze\u015bnia 2022 r.&nbsp; w rudzkich przedszkolach i oddzia\u0142ach przedszkolnych w szko\u0142ach podstawowych&nbsp;za korzystanie z wychowania przedszkolnego przez dzieci obj\u0119te wychowaniem przedszkolnym, do ko\u0144ca roku szkolnego w roku kalendarzowym, w kt\u00f3rym ko\u0144cz\u0105 6 lat, w czasie przekraczaj\u0105cym 5 godzin dziennie pobierana b\u0119dzie op\u0142ata&nbsp;w wysoko\u015bci&nbsp;1,14&nbsp;z\u0142&nbsp;za ka\u017cd\u0105 rozpocz\u0119t\u0105 godzin\u0119 faktycznego pobytu dziecka w przedszkolu.<\/span><\/span><\/p>\n<p style=\"text-align: left;\" align=\"center\">Do pobrania: <a href=\"https:\/\/mp18.pl\/wp-content\/uploads\/2022\/08\/uchawala_2022_oplaty.pdf\">Uchwa\u0142a<\/a><\/p>","protected":false},"excerpt":{"rendered":"<p>Uwaga Rodzice !!!Rekrutacja kandydat\u00f3w odb\u0119dzie si\u0119 drog\u0105 internetow\u0105.Rejestracja kandydat\u00f3w przyst\u0119puj\u0105cych do naboru\u2013 wprowadzenie do systemu wniosk\u00f3wna stronie dla Rodzic\u00f3w;www.rudaslaska.przedszkola.vnabor.plodb\u0119dzie si\u0119 w terminie:od dnia 02.03.2026 r. od godziny 8:00do dnia 16.03.2026 r. do godziny 15:00 Po rejestracji internetowej nale\u017cy z\u0142o\u017cy\u0107 w plac\u00f3wce pierwszego wyboru wniosek o przyj\u0119cie do przedszkola wraz z dokumentami potwierdzaj\u0105cymi spe\u0142nienie przez kandydata &hellip; <a href=\"https:\/\/mp18.pl\/\" class=\"more-link\">Czytaj dalej<span class=\"screen-reader-text\"> \u201eAktualno\u015bci\u201d<\/span><\/a><\/p>\n","protected":false},"author":1,"featured_media":0,"parent":0,"menu_order":0,"comment_status":"closed","ping_status":"closed","template":"","meta":{"ngg_post_thumbnail":0,"footnotes":""},"class_list":["post-140","page","type-page","status-publish","hentry"],"_links":{"self":[{"href":"https:\/\/mp18.pl\/index.php?rest_route=\/wp\/v2\/pages\/140","targetHints":{"allow":["GET"]}}],"collection":[{"href":"https:\/\/mp18.pl\/index.php?rest_route=\/wp\/v2\/pages"}],"about":[{"href":"https:\/\/mp18.pl\/index.php?rest_route=\/wp\/v2\/types\/page"}],"author":[{"embeddable":true,"href":"https:\/\/mp18.pl\/index.php?rest_route=\/wp\/v2\/users\/1"}],"replies":[{"embeddable":true,"href":"https:\/\/mp18.pl\/index.php?rest_route=%2Fwp%2Fv2%2Fcomments&post=140"}],"version-history":[{"count":112,"href":"https:\/\/mp18.pl\/index.php?rest_route=\/wp\/v2\/pages\/140\/revisions"}],"predecessor-version":[{"id":37765,"href":"https:\/\/mp18.pl\/index.php?rest_route=\/wp\/v2\/pages\/140\/revisions\/37765"}],"wp:attachment":[{"href":"https:\/\/mp18.pl\/index.php?rest_route=%2Fwp%2Fv2%2Fmedia&parent=140"}],"curies":[{"name":"wp","href":"https:\/\/api.w.org\/{rel}","templated":true}]}}